{"id":18290,"date":"2020-06-02T09:41:08","date_gmt":"2020-06-02T09:41:08","guid":{"rendered":"https:\/\/www.legvarbazita.hu\/?page_id=18290"},"modified":"2020-06-07T21:14:14","modified_gmt":"2020-06-07T21:14:14","slug":"szerzodesi-feltetelek","status":"publish","type":"page","link":"https:\/\/www.legvarbazita.hu\/?page_id=18290","title":{"rendered":"Szerz\u0151d\u00e9si felt\u00e9telek"},"content":{"rendered":"<div class=\"vgblk-rw-wrapper limit-wrapper\"><h3>\n\tSzerz\u0151d\u00e9si felt\u00e9telek\n\t<\/h3>\n\t<p>K\u00e9rlek, figyelmesen olvasd el, mert rendel\u00e9skor az al\u00e1bbiakat \u00c1ltalad elfogadottnak tekintj\u00fck!<\/p>\n<p>A j\u00e1t\u00e9kok \u00fczemeltet\u00e9s\u00e9nek felt\u00e9telei:<\/p>\n<p>A felf\u00fajhat\u00f3 j\u00e1t\u00e9kok \u00fczemeltet\u00e9se 1-1,5 Kw -os villanymotorral t\u00f6rt\u00e9nik, amelyhez 220v-os,<\/p>\n<p>10A-es \u00e1ramforr\u00e1sra lesz sz\u00fcks\u00e9g\u00fcnk a telep\u00edt\u00e9s hely\u00e9nek 20m-es k\u00f6rzet\u00e9ben. A motor a<\/p>\n<p>teljes \u00fczemid\u0151 alatt m\u0171k\u00f6d\u00e9sben lesz.<\/p>\n<p>A l\u00e9gv\u00e1r helye felt\u00e9tlen\u00fcl v\u00edzszintes, f\u00fcves ter\u00fclet legyen, ha m\u00e1sfajta burkolatra szeretn\u00e9tek<\/p>\n<p>helyezni, (aszfalt, murva, beton stb.) jelezz\u00e9tek nek\u00fcnk, rendelkez\u00fcnk megfelel\u0151 m\u00e9ret\u0171<\/p>\n<p>ponyv\u00e1val, mellyel igyeksz\u00fcnk l\u00e9gv\u00e1raink \u00e9ps\u00e9g\u00e9t minden fel\u00fcleten meg\u00f3vni. A f\u00fcves<\/p>\n<p>ter\u00fcletek nem szenvednek maradand\u00f3 k\u00e1rosod\u00e1st a l\u00e9gv\u00e1rakt\u00f3l.<\/p>\n<p>A l\u00e9gv\u00e1rak elhelyez\u00e9sekor k\u00e9rj\u00fck, vegy\u00e9tek figyelembe a m\u00e9ret\u00e9t, k\u00fcl\u00f6n\u00f6s tekintettel<\/p>\n<p>magass\u00e1gukra.<\/p>\n<p>Semmik\u00e9pp nem ker\u00fclhet k\u00f6zvetlen\u00fcl magasfesz\u00fclts\u00e9g\u0171 vezet\u00e9kek, vesz\u00e9lyes fa\u00e1gak vagy<\/p>\n<p>egy\u00e9b terept\u00e1rgyak al\u00e1.<\/p>\n<p>Fontos tov\u00e1bb\u00e1, hogy a fel\u00e1ll\u00edt\u00e1si helye megk\u00f6zel\u00edthet\u0151 legyen szem\u00e9lyg\u00e9pkocsival is. Ha a<\/p>\n<p>megk\u00f6zel\u00edt\u00e9s probl\u00e9m\u00e1s lehet, k\u00e9rj\u00fck azt is jelezz\u00e9tek sz\u00e1munkra.<\/p>\n\n<p>A l\u00e9gv\u00e1rak haszn\u00e1lat\u00e1nak bizony lehetnek kock\u00e1zatai:<\/p>\n<p>A l\u00e9gv\u00e1rak haszn\u00e1lata k\u00f6zben annak term\u00e9szet\u00e9n\u00e9l fogva el\u0151fordulhatnak kisebb balesetek.<\/p>\n<p>Ezek\u00e9rt csak akkor tudunk felel\u0151ss\u00e9get v\u00e1llalni, ha a l\u00e9gv\u00e1rak m\u0171szaki \u00e1llapota, vagy az<\/p>\n<p>\u00e1ltalunk nem megfelel\u0151 r\u00f6gz\u00edt\u00e9s miatt t\u00f6rt\u00e9nik.<\/p>\n<p>Nem tudunk felel\u0151ss\u00e9get v\u00e1llalni olyan balesetek\u00e9rt, amelyek rajtunk k\u00edv\u00fcl\u00e1ll\u00f3 okok miatt<\/p>\n<p>k\u00f6vetkeznek be, gondolunk itt pl:\u00e1ramsz\u00fcnetre, felel\u0151tlen sz\u00fcl\u0151kre, a l\u00e9gv\u00e1rba felvitt<\/p>\n<p>vesz\u00e9lyes t\u00e1rgyra, agressz\u00edv gyermekre, az el\u0151\u00edrtn\u00e1l t\u00f6bb gyerekre a l\u00e9gv\u00e1rban\u2026<\/p>\n<p>A l\u00e9gv\u00e1rakat egyszerre 6-8, max. 50 kg s\u00faly\u00fa gyermek haszn\u00e1lhatja. Ezt k\u00e9rj\u00fck, vegy\u00e9tek<\/p>\n<p>figyelembe a rendezv\u00e9nyetek tervez\u00e9sekor.<\/p>\n<p>\u00d3vodai, kisiskolai, oszt\u00e1lynapi b\u00e9rl\u00e9skor, k\u00e9r\u00fcnk kijel\u00f6lni egy szem\u00e9lyt, ha nem ig\u00e9nyeltek<\/p>\n<p>fel\u00fcgyeletet, aki v\u00e1llalja az eszk\u00f6z\u00f6k rendeltet\u00e9sszer\u0171 haszn\u00e1lat\u00e1nak biztos\u00edt\u00e1s\u00e1t.<\/p>\n<p>Term\u00e9szetesen sz\u00e1m\u00e1ra a korrekt t\u00e1j\u00e9koztat\u00e1s megt\u00f6rt\u00e9nik a l\u00e9gv\u00e1r fel\u00e1ll\u00edt\u00e1sakor.<\/p>\n<p>A rendel\u00e9sek lemond\u00e1sa:<\/p>\n<p>A megrendel\u00e9s id\u0151j\u00e1r\u00e1st\u00f3l f\u00fcggetlen. Rendel\u00e9seteket rossz id\u0151 eset\u00e9n, a rendezv\u00e9ny d\u00e1tuma<\/p>\n<p>el\u0151tti 48\u00f3r\u00e1val d\u00edjmentesen lemondhatj\u00e1tok, vagy \u00e1thelyezhetitek m\u00e1s szabad id\u0151pontra.<\/p>\n<p>48 \u00f3r\u00e1n bel\u00fcli lemond\u00e1s eset\u00e9n a foglal\u00f3t, a helysz\u00ednen t\u00f6rt\u00e9n\u0151 lemond\u00e1skor a teljes \u00f6sszeget<\/p>\n<p>sz\u00e1ml\u00e1zzuk ki.<\/p>\n<p>Ha a rendezv\u00e9ny k\u00f6zben fordul kedvez\u0151tlenre (es\u0151, viharos erej\u0171 sz\u00e9l stb.) az id\u0151j\u00e1r\u00e1s, a<\/p>\n<p>l\u00e9gv\u00e1rak \u00fczemeltet\u00e9s\u00e9t megszak\u00edtjuk. Ennek eld\u00f6nt\u00e9se k\u00f6z\u00f6s meg\u00e1llapod\u00e1s k\u00e9rd\u00e9se, de<\/p>\n<p>sz\u00e9ls\u0151s\u00e9ges esetben fenntartjuk a d\u00f6nt\u00e9s kiz\u00e1r\u00f3lagos jog\u00e1t.<\/p>\n<p>Minden esetben a l\u00e9gv\u00e1rat be\u00fczemelt \u00e1llapotban k\u00e9rj\u00fck r\u00e9sz\u00fcnkre \u00e1tadni, hogy<\/p>\n<p>megbizonyosodhassunk annak \u00e9ps\u00e9g\u00e9r\u0151l. Illetve a fert\u0151tlen\u00edt\u00e9s is ekkor zajlik. K\u00e9rem ennek<\/p>\n<p>az idej\u00e9t sz\u00e1munkra biztos\u00edtani.<\/p>\n<p>K\u00f6sz\u00f6nj\u00fck figyelm\u00e9t, \u00e9s j\u00f3 sz\u00f3rakoz\u00e1st!<\/p>\n<\/div><!-- .vgblk-rw-wrapper -->","protected":false},"excerpt":{"rendered":"<p>Szerz\u0151d\u00e9si felt\u00e9telek K\u00e9rlek, figyelmesen olvasd el, mert rendel\u00e9skor az al\u00e1bbiakat \u00c1ltalad elfogadottnak tekintj\u00fck! A j\u00e1t\u00e9kok \u00fczemeltet\u00e9s\u00e9nek felt\u00e9telei: A felf\u00fajhat\u00f3 j\u00e1t\u00e9kok \u00fczemeltet\u00e9se 1-1,5 Kw -os villanymotorral t\u00f6rt\u00e9nik, amelyhez 220v-os, 10A-es \u00e1ramforr\u00e1sra lesz sz\u00fcks\u00e9g\u00fcnk a telep\u00edt\u00e9s hely\u00e9nek 20m-es k\u00f6rzet\u00e9ben. A motor a teljes \u00fczemid\u0151 alatt m\u0171k\u00f6d\u00e9sben lesz. A l\u00e9gv\u00e1r helye felt\u00e9tlen\u00fcl v\u00edzszintes, f\u00fcves ter\u00fclet legyen, ha m\u00e1sfajta&#8230;<\/p>\n","protected":false},"author":3,"featured_media":0,"parent":0,"menu_order":0,"comment_status":"closed","ping_status":"closed","template":"","meta":{"ngg_post_thumbnail":0,"_monsterinsights_skip_tracking":false,"_monsterinsights_sitenote_active":false,"_monsterinsights_sitenote_note":"","_monsterinsights_sitenote_category":0,"footnotes":""},"class_list":["post-18290","page","type-page","status-publish","hentry"],"yoast_head":"<!-- This site is optimized with the Yoast SEO plugin v14.1 - https:\/\/yoast.com\/wordpress\/plugins\/seo\/ -->\n<title>Szerz\u0151d\u00e9si felt\u00e9telek - L\u00e9gv\u00e1rbazita<\/title>\n<meta name=\"robots\" content=\"index, follow\" \/>\n<meta name=\"googlebot\" content=\"index, follow, max-snippet:-1, max-image-preview:large, max-video-preview:-1\" \/>\n<meta name=\"bingbot\" content=\"index, follow, max-snippet:-1, max-image-preview:large, max-video-preview:-1\" \/>\n<link rel=\"canonical\" href=\"https:\/\/www.legvarbazita.hu\/?page_id=18290\" \/>\n<meta property=\"og:locale\" content=\"hu_HU\" \/>\n<meta property=\"og:type\" content=\"article\" \/>\n<meta property=\"og:title\" content=\"Szerz\u0151d\u00e9si felt\u00e9telek - L\u00e9gv\u00e1rbazita\" \/>\n<meta property=\"og:description\" content=\"Szerz\u0151d\u00e9si felt\u00e9telek K\u00e9rlek, figyelmesen olvasd el, mert rendel\u00e9skor az al\u00e1bbiakat \u00c1ltalad elfogadottnak tekintj\u00fck! A j\u00e1t\u00e9kok \u00fczemeltet\u00e9s\u00e9nek felt\u00e9telei: A felf\u00fajhat\u00f3 j\u00e1t\u00e9kok \u00fczemeltet\u00e9se 1-1,5 Kw -os villanymotorral t\u00f6rt\u00e9nik, amelyhez 220v-os, 10A-es \u00e1ramforr\u00e1sra lesz sz\u00fcks\u00e9g\u00fcnk a telep\u00edt\u00e9s hely\u00e9nek 20m-es k\u00f6rzet\u00e9ben. A motor a teljes \u00fczemid\u0151 alatt m\u0171k\u00f6d\u00e9sben lesz. A l\u00e9gv\u00e1r helye felt\u00e9tlen\u00fcl v\u00edzszintes, f\u00fcves ter\u00fclet legyen, ha m\u00e1sfajta...\" \/>\n<meta property=\"og:url\" content=\"https:\/\/www.legvarbazita.hu\/?page_id=18290\" \/>\n<meta property=\"og:site_name\" content=\"L\u00e9gv\u00e1rbazita\" \/>\n<meta property=\"article:modified_time\" content=\"2020-06-07T21:14:14+00:00\" \/>\n<meta name=\"twitter:card\" content=\"summary_large_image\" \/>\n<script type=\"application\/ld+json\" class=\"yoast-schema-graph\">{\"@context\":\"https:\/\/schema.org\",\"@graph\":[{\"@type\":\"WebSite\",\"@id\":\"https:\/\/www.legvarbazita.hu\/#website\",\"url\":\"https:\/\/www.legvarbazita.hu\/\",\"name\":\"L\\u00e9gv\\u00e1rbazita\",\"description\":\"Sz\\u00fclinapra,n\\u00e9vnapra,b\\u00e1rmely alkalomra, b\\u00e1rmely napra..\",\"potentialAction\":[{\"@type\":\"SearchAction\",\"target\":\"https:\/\/www.legvarbazita.hu\/?s={search_term_string}\",\"query-input\":\"required name=search_term_string\"}],\"inLanguage\":\"hu\"},{\"@type\":\"WebPage\",\"@id\":\"https:\/\/www.legvarbazita.hu\/?page_id=18290#webpage\",\"url\":\"https:\/\/www.legvarbazita.hu\/?page_id=18290\",\"name\":\"Szerz\\u0151d\\u00e9si felt\\u00e9telek - L\\u00e9gv\\u00e1rbazita\",\"isPartOf\":{\"@id\":\"https:\/\/www.legvarbazita.hu\/#website\"},\"datePublished\":\"2020-06-02T09:41:08+00:00\",\"dateModified\":\"2020-06-07T21:14:14+00:00\",\"inLanguage\":\"hu\",\"potentialAction\":[{\"@type\":\"ReadAction\",\"target\":[\"https:\/\/www.legvarbazita.hu\/?page_id=18290\"]}]}]}<\/script>\n<!-- \/ Yoast SEO plugin. -->","_links":{"self":[{"href":"https:\/\/www.legvarbazita.hu\/index.php?rest_route=\/wp\/v2\/pages\/18290","targetHints":{"allow":["GET"]}}],"collection":[{"href":"https:\/\/www.legvarbazita.hu\/index.php?rest_route=\/wp\/v2\/pages"}],"about":[{"href":"https:\/\/www.legvarbazita.hu\/index.php?rest_route=\/wp\/v2\/types\/page"}],"author":[{"embeddable":true,"href":"https:\/\/www.legvarbazita.hu\/index.php?rest_route=\/wp\/v2\/users\/3"}],"replies":[{"embeddable":true,"href":"https:\/\/www.legvarbazita.hu\/index.php?rest_route=%2Fwp%2Fv2%2Fcomments&post=18290"}],"version-history":[{"count":5,"href":"https:\/\/www.legvarbazita.hu\/index.php?rest_route=\/wp\/v2\/pages\/18290\/revisions"}],"predecessor-version":[{"id":18357,"href":"https:\/\/www.legvarbazita.hu\/index.php?rest_route=\/wp\/v2\/pages\/18290\/revisions\/18357"}],"wp:attachment":[{"href":"https:\/\/www.legvarbazita.hu\/index.php?rest_route=%2Fwp%2Fv2%2Fmedia&parent=18290"}],"curies":[{"name":"wp","href":"https:\/\/api.w.org\/{rel}","templated":true}]}}