{"id":18185,"date":"2020-05-19T19:49:43","date_gmt":"2020-05-19T19:49:43","guid":{"rendered":"https:\/\/www.legvarbazita.hu\/?page_id=18185"},"modified":"2023-03-16T09:51:39","modified_gmt":"2023-03-16T09:51:39","slug":"galeria","status":"publish","type":"page","link":"https:\/\/www.legvarbazita.hu\/?page_id=18185","title":{"rendered":"Galeria"},"content":{"rendered":"<div class=\"vgblk-rw-wrapper limit-wrapper\">\r\n<h3>Hercegn\u0151s duplacs\u00faszd\u00e1s<\/h3>\r\n<h4><strong>\u00c1r:28.000\/nap<\/strong><\/h4>\r\n<h4><strong>M\u00e9ret:5*5*3<\/strong><\/h4>\r\n<h4><strong>Maximum 7 f\u0151<\/strong><\/h4>\r\n<!-- default-view.php -->\n<div\n\tclass=\"ngg-galleryoverview default-view \"\n\tid=\"ngg-gallery-aed252589d55f7bf7ba0a9c0338d089d-1\">\n\n\t\t<!-- Thumbnails -->\n\t\t\t\t<div id=\"ngg-image-0\" class=\"ngg-gallery-thumbnail-box \" >\n\t\t\t\t        <div class=\"ngg-gallery-thumbnail\">\n            <a href=\"https:\/\/www.legvarbazita.hu\/wp-content\/gallery\/hercegnos\/DSC_2249.JPG\"\n               title=\"\"\n               data-src=\"https:\/\/www.legvarbazita.hu\/wp-content\/gallery\/hercegnos\/DSC_2249.JPG\"\n               data-thumbnail=\"https:\/\/www.legvarbazita.hu\/wp-content\/gallery\/hercegnos\/thumbs\/thumbs_DSC_2249.JPG\"\n               data-image-id=\"7\"\n               data-title=\"DSC_2249\"\n               data-description=\"\"\n               data-image-slug=\"dsc_2249\"\n               class=\"ngg-simplelightbox\" rel=\"aed252589d55f7bf7ba0a9c0338d089d\">\n                <img\n                    title=\"DSC_2249\"\n                    alt=\"DSC_2249\"\n                    src=\"https:\/\/www.legvarbazita.hu\/wp-content\/gallery\/hercegnos\/thumbs\/thumbs_DSC_2249.JPG\"\n                    width=\"240\"\n                    height=\"160\"\n                    style=\"max-width:100%;\"\n                \/>\n            <\/a>\n        <\/div>\n\t\t\t\t\t\t\t<\/div> \n\t\t\t\n\t\t\t\t<div id=\"ngg-image-1\" class=\"ngg-gallery-thumbnail-box \" >\n\t\t\t\t        <div class=\"ngg-gallery-thumbnail\">\n            <a href=\"https:\/\/www.legvarbazita.hu\/wp-content\/gallery\/hercegnos\/DSC_2251.JPG\"\n               title=\"\"\n               data-src=\"https:\/\/www.legvarbazita.hu\/wp-content\/gallery\/hercegnos\/DSC_2251.JPG\"\n               data-thumbnail=\"https:\/\/www.legvarbazita.hu\/wp-content\/gallery\/hercegnos\/thumbs\/thumbs_DSC_2251.JPG\"\n               data-image-id=\"8\"\n               data-title=\"DSC_2251\"\n               data-description=\"\"\n               data-image-slug=\"dsc_2251\"\n               class=\"ngg-simplelightbox\" rel=\"aed252589d55f7bf7ba0a9c0338d089d\">\n                <img\n                    title=\"DSC_2251\"\n                    alt=\"DSC_2251\"\n                    src=\"https:\/\/www.legvarbazita.hu\/wp-content\/gallery\/hercegnos\/thumbs\/thumbs_DSC_2251.JPG\"\n                    width=\"240\"\n                    height=\"160\"\n                    style=\"max-width:100%;\"\n                \/>\n            <\/a>\n        <\/div>\n\t\t\t\t\t\t\t<\/div> \n\t\t\t\n\t\t\t\t<div id=\"ngg-image-2\" class=\"ngg-gallery-thumbnail-box \" >\n\t\t\t\t        <div class=\"ngg-gallery-thumbnail\">\n            <a href=\"https:\/\/www.legvarbazita.hu\/wp-content\/gallery\/hercegnos\/DSC_2257-1.JPG\"\n               title=\"\"\n               data-src=\"https:\/\/www.legvarbazita.hu\/wp-content\/gallery\/hercegnos\/DSC_2257-1.JPG\"\n               data-thumbnail=\"https:\/\/www.legvarbazita.hu\/wp-content\/gallery\/hercegnos\/thumbs\/thumbs_DSC_2257-1.JPG\"\n               data-image-id=\"9\"\n               data-title=\"DSC_2257-1\"\n               data-description=\"\"\n               data-image-slug=\"dsc_2257-1\"\n               class=\"ngg-simplelightbox\" rel=\"aed252589d55f7bf7ba0a9c0338d089d\">\n                <img\n                    title=\"DSC_2257-1\"\n                    alt=\"DSC_2257-1\"\n                    src=\"https:\/\/www.legvarbazita.hu\/wp-content\/gallery\/hercegnos\/thumbs\/thumbs_DSC_2257-1.JPG\"\n                    width=\"240\"\n                    height=\"160\"\n                    style=\"max-width:100%;\"\n                \/>\n            <\/a>\n        <\/div>\n\t\t\t\t\t\t\t<\/div> \n\t\t\t\n\t\t\t\t<div id=\"ngg-image-3\" class=\"ngg-gallery-thumbnail-box \" >\n\t\t\t\t        <div class=\"ngg-gallery-thumbnail\">\n            <a href=\"https:\/\/www.legvarbazita.hu\/wp-content\/gallery\/hercegnos\/DSC_2265-1.JPG\"\n               title=\"\"\n               data-src=\"https:\/\/www.legvarbazita.hu\/wp-content\/gallery\/hercegnos\/DSC_2265-1.JPG\"\n               data-thumbnail=\"https:\/\/www.legvarbazita.hu\/wp-content\/gallery\/hercegnos\/thumbs\/thumbs_DSC_2265-1.JPG\"\n               data-image-id=\"10\"\n               data-title=\"DSC_2265-1\"\n               data-description=\"\"\n               data-image-slug=\"dsc_2265-1\"\n               class=\"ngg-simplelightbox\" rel=\"aed252589d55f7bf7ba0a9c0338d089d\">\n                <img\n                    title=\"DSC_2265-1\"\n                    alt=\"DSC_2265-1\"\n                    src=\"https:\/\/www.legvarbazita.hu\/wp-content\/gallery\/hercegnos\/thumbs\/thumbs_DSC_2265-1.JPG\"\n                    width=\"240\"\n                    height=\"160\"\n                    style=\"max-width:100%;\"\n                \/>\n            <\/a>\n        <\/div>\n\t\t\t\t\t\t\t<\/div> \n\t\t\t\n\t\t\t\t<div id=\"ngg-image-4\" class=\"ngg-gallery-thumbnail-box \" >\n\t\t\t\t        <div class=\"ngg-gallery-thumbnail\">\n            <a href=\"https:\/\/www.legvarbazita.hu\/wp-content\/gallery\/hercegnos\/DSC_2270.JPG\"\n               title=\"\"\n               data-src=\"https:\/\/www.legvarbazita.hu\/wp-content\/gallery\/hercegnos\/DSC_2270.JPG\"\n               data-thumbnail=\"https:\/\/www.legvarbazita.hu\/wp-content\/gallery\/hercegnos\/thumbs\/thumbs_DSC_2270.JPG\"\n               data-image-id=\"11\"\n               data-title=\"DSC_2270\"\n               data-description=\"\"\n               data-image-slug=\"dsc_2270\"\n               class=\"ngg-simplelightbox\" rel=\"aed252589d55f7bf7ba0a9c0338d089d\">\n                <img\n                    title=\"DSC_2270\"\n                    alt=\"DSC_2270\"\n                    src=\"https:\/\/www.legvarbazita.hu\/wp-content\/gallery\/hercegnos\/thumbs\/thumbs_DSC_2270.JPG\"\n                    width=\"240\"\n                    height=\"160\"\n                    style=\"max-width:100%;\"\n                \/>\n            <\/a>\n        <\/div>\n\t\t\t\t\t\t\t<\/div> \n\t\t\t\n\t\n\t<br style=\"clear: both\" \/>\n\n\t\n\t\t<!-- Pagination -->\n\t<div class='ngg-clear'><\/div>\t<\/div>\n\r\n<h3>\u00d3ri\u00e1s cs\u00faszd\u00e1s<\/h3>\r\n<h4><strong>\u00c1r:45.000\/nap<\/strong><\/h4>\r\n<h4><strong>M\u00e9ret:7*4*4<\/strong><\/h4>\r\n<h4><strong>Maximum 9 f\u0151<\/strong><\/h4>\r\n<!-- default-view.php -->\n<div\n\tclass=\"ngg-galleryoverview default-view \"\n\tid=\"ngg-gallery-c7157b502ffcb2a56136e144582fdb91-1\">\n\n\t\t<!-- Thumbnails -->\n\t\t\t\t<div id=\"ngg-image-0\" class=\"ngg-gallery-thumbnail-box \" >\n\t\t\t\t        <div class=\"ngg-gallery-thumbnail\">\n            <a href=\"https:\/\/www.legvarbazita.hu\/wp-content\/gallery\/orias-1\/DSC_2502.JPG\"\n               title=\"\"\n               data-src=\"https:\/\/www.legvarbazita.hu\/wp-content\/gallery\/orias-1\/DSC_2502.JPG\"\n               data-thumbnail=\"https:\/\/www.legvarbazita.hu\/wp-content\/gallery\/orias-1\/thumbs\/thumbs_DSC_2502.JPG\"\n               data-image-id=\"12\"\n               data-title=\"DSC_2502\"\n               data-description=\"\"\n               data-image-slug=\"dsc_2502-1\"\n               class=\"ngg-simplelightbox\" rel=\"c7157b502ffcb2a56136e144582fdb91\">\n                <img\n                    title=\"DSC_2502\"\n                    alt=\"DSC_2502\"\n                    src=\"https:\/\/www.legvarbazita.hu\/wp-content\/gallery\/orias-1\/thumbs\/thumbs_DSC_2502.JPG\"\n                    width=\"240\"\n                    height=\"160\"\n                    style=\"max-width:100%;\"\n                \/>\n            <\/a>\n        <\/div>\n\t\t\t\t\t\t\t<\/div> \n\t\t\t\n\t\t\t\t<div id=\"ngg-image-1\" class=\"ngg-gallery-thumbnail-box \" >\n\t\t\t\t        <div class=\"ngg-gallery-thumbnail\">\n            <a href=\"https:\/\/www.legvarbazita.hu\/wp-content\/gallery\/orias-1\/DSC_2544.JPG\"\n               title=\"\"\n               data-src=\"https:\/\/www.legvarbazita.hu\/wp-content\/gallery\/orias-1\/DSC_2544.JPG\"\n               data-thumbnail=\"https:\/\/www.legvarbazita.hu\/wp-content\/gallery\/orias-1\/thumbs\/thumbs_DSC_2544.JPG\"\n               data-image-id=\"13\"\n               data-title=\"DSC_2544\"\n               data-description=\"\"\n               data-image-slug=\"dsc_2544-1\"\n               class=\"ngg-simplelightbox\" rel=\"c7157b502ffcb2a56136e144582fdb91\">\n                <img\n                    title=\"DSC_2544\"\n                    alt=\"DSC_2544\"\n                    src=\"https:\/\/www.legvarbazita.hu\/wp-content\/gallery\/orias-1\/thumbs\/thumbs_DSC_2544.JPG\"\n                    width=\"240\"\n                    height=\"160\"\n                    style=\"max-width:100%;\"\n                \/>\n            <\/a>\n        <\/div>\n\t\t\t\t\t\t\t<\/div> \n\t\t\t\n\t\t\t\t<div id=\"ngg-image-2\" class=\"ngg-gallery-thumbnail-box \" >\n\t\t\t\t        <div class=\"ngg-gallery-thumbnail\">\n            <a href=\"https:\/\/www.legvarbazita.hu\/wp-content\/gallery\/orias-1\/DSC_2558.JPG\"\n               title=\"\"\n               data-src=\"https:\/\/www.legvarbazita.hu\/wp-content\/gallery\/orias-1\/DSC_2558.JPG\"\n               data-thumbnail=\"https:\/\/www.legvarbazita.hu\/wp-content\/gallery\/orias-1\/thumbs\/thumbs_DSC_2558.JPG\"\n               data-image-id=\"14\"\n               data-title=\"DSC_2558\"\n               data-description=\"\"\n               data-image-slug=\"dsc_2558-1\"\n               class=\"ngg-simplelightbox\" rel=\"c7157b502ffcb2a56136e144582fdb91\">\n                <img\n                    title=\"DSC_2558\"\n                    alt=\"DSC_2558\"\n                    src=\"https:\/\/www.legvarbazita.hu\/wp-content\/gallery\/orias-1\/thumbs\/thumbs_DSC_2558.JPG\"\n                    width=\"240\"\n                    height=\"160\"\n                    style=\"max-width:100%;\"\n                \/>\n            <\/a>\n        <\/div>\n\t\t\t\t\t\t\t<\/div> \n\t\t\t\n\t\t\t\t<div id=\"ngg-image-3\" class=\"ngg-gallery-thumbnail-box \" >\n\t\t\t\t        <div class=\"ngg-gallery-thumbnail\">\n            <a href=\"https:\/\/www.legvarbazita.hu\/wp-content\/gallery\/orias-1\/DSC_2560.JPG\"\n               title=\"\"\n               data-src=\"https:\/\/www.legvarbazita.hu\/wp-content\/gallery\/orias-1\/DSC_2560.JPG\"\n               data-thumbnail=\"https:\/\/www.legvarbazita.hu\/wp-content\/gallery\/orias-1\/thumbs\/thumbs_DSC_2560.JPG\"\n               data-image-id=\"15\"\n               data-title=\"DSC_2560\"\n               data-description=\"\"\n               data-image-slug=\"dsc_2560\"\n               class=\"ngg-simplelightbox\" rel=\"c7157b502ffcb2a56136e144582fdb91\">\n                <img\n                    title=\"DSC_2560\"\n                    alt=\"DSC_2560\"\n                    src=\"https:\/\/www.legvarbazita.hu\/wp-content\/gallery\/orias-1\/thumbs\/thumbs_DSC_2560.JPG\"\n                    width=\"240\"\n                    height=\"160\"\n                    style=\"max-width:100%;\"\n                \/>\n            <\/a>\n        <\/div>\n\t\t\t\t\t\t\t<\/div> \n\t\t\t\n\t\t\t\t<div id=\"ngg-image-4\" class=\"ngg-gallery-thumbnail-box \" >\n\t\t\t\t        <div class=\"ngg-gallery-thumbnail\">\n            <a href=\"https:\/\/www.legvarbazita.hu\/wp-content\/gallery\/orias-1\/DSC_2576.JPG\"\n               title=\"\"\n               data-src=\"https:\/\/www.legvarbazita.hu\/wp-content\/gallery\/orias-1\/DSC_2576.JPG\"\n               data-thumbnail=\"https:\/\/www.legvarbazita.hu\/wp-content\/gallery\/orias-1\/thumbs\/thumbs_DSC_2576.JPG\"\n               data-image-id=\"16\"\n               data-title=\"DSC_2576\"\n               data-description=\"\"\n               data-image-slug=\"dsc_2576-1\"\n               class=\"ngg-simplelightbox\" rel=\"c7157b502ffcb2a56136e144582fdb91\">\n                <img\n                    title=\"DSC_2576\"\n                    alt=\"DSC_2576\"\n                    src=\"https:\/\/www.legvarbazita.hu\/wp-content\/gallery\/orias-1\/thumbs\/thumbs_DSC_2576.JPG\"\n                    width=\"240\"\n                    height=\"160\"\n                    style=\"max-width:100%;\"\n                \/>\n            <\/a>\n        <\/div>\n\t\t\t\t\t\t\t<\/div> \n\t\t\t\n\t\n\t<br style=\"clear: both\" \/>\n\n\t\n\t\t<!-- Pagination -->\n\t<div class='ngg-clear'><\/div>\t<\/div>\n\r\n<h3>Szuperh\u0151s\u00f6s duplacs\u00faszd\u00e1s<\/h3>\r\n<h4><strong>\u00c1r:28.000\/nap<\/strong><\/h4>\r\n<h4><strong>M\u00e9ret:5*5*3<\/strong><\/h4>\r\n<h4><strong>Maximum 7 f\u0151<\/strong><\/h4>\r\n<!-- default-view.php -->\n<div\n\tclass=\"ngg-galleryoverview default-view \"\n\tid=\"ngg-gallery-e39150147f998c570e0d83f5df8a1765-1\">\n\n\t\t<!-- Thumbnails -->\n\t\t\t\t<div id=\"ngg-image-0\" class=\"ngg-gallery-thumbnail-box \" >\n\t\t\t\t        <div class=\"ngg-gallery-thumbnail\">\n            <a href=\"https:\/\/www.legvarbazita.hu\/wp-content\/gallery\/szuperhos\/DSC_2355.JPG\"\n               title=\"\"\n               data-src=\"https:\/\/www.legvarbazita.hu\/wp-content\/gallery\/szuperhos\/DSC_2355.JPG\"\n               data-thumbnail=\"https:\/\/www.legvarbazita.hu\/wp-content\/gallery\/szuperhos\/thumbs\/thumbs_DSC_2355.JPG\"\n               data-image-id=\"17\"\n               data-title=\"DSC_2355\"\n               data-description=\"\"\n               data-image-slug=\"dsc_2355-1\"\n               class=\"ngg-simplelightbox\" rel=\"e39150147f998c570e0d83f5df8a1765\">\n                <img\n                    title=\"DSC_2355\"\n                    alt=\"DSC_2355\"\n                    src=\"https:\/\/www.legvarbazita.hu\/wp-content\/gallery\/szuperhos\/thumbs\/thumbs_DSC_2355.JPG\"\n                    width=\"240\"\n                    height=\"160\"\n                    style=\"max-width:100%;\"\n                \/>\n            <\/a>\n        <\/div>\n\t\t\t\t\t\t\t<\/div> \n\t\t\t\n\t\t\t\t<div id=\"ngg-image-1\" class=\"ngg-gallery-thumbnail-box \" >\n\t\t\t\t        <div class=\"ngg-gallery-thumbnail\">\n            <a href=\"https:\/\/www.legvarbazita.hu\/wp-content\/gallery\/szuperhos\/DSC_2363.JPG\"\n               title=\"\"\n               data-src=\"https:\/\/www.legvarbazita.hu\/wp-content\/gallery\/szuperhos\/DSC_2363.JPG\"\n               data-thumbnail=\"https:\/\/www.legvarbazita.hu\/wp-content\/gallery\/szuperhos\/thumbs\/thumbs_DSC_2363.JPG\"\n               data-image-id=\"18\"\n               data-title=\"DSC_2363\"\n               data-description=\"\"\n               data-image-slug=\"dsc_2363-1\"\n               class=\"ngg-simplelightbox\" rel=\"e39150147f998c570e0d83f5df8a1765\">\n                <img\n                    title=\"DSC_2363\"\n                    alt=\"DSC_2363\"\n                    src=\"https:\/\/www.legvarbazita.hu\/wp-content\/gallery\/szuperhos\/thumbs\/thumbs_DSC_2363.JPG\"\n                    width=\"240\"\n                    height=\"160\"\n                    style=\"max-width:100%;\"\n                \/>\n            <\/a>\n        <\/div>\n\t\t\t\t\t\t\t<\/div> \n\t\t\t\n\t\t\t\t<div id=\"ngg-image-2\" class=\"ngg-gallery-thumbnail-box \" >\n\t\t\t\t        <div class=\"ngg-gallery-thumbnail\">\n            <a href=\"https:\/\/www.legvarbazita.hu\/wp-content\/gallery\/szuperhos\/DSC_2365.JPG\"\n               title=\"\"\n               data-src=\"https:\/\/www.legvarbazita.hu\/wp-content\/gallery\/szuperhos\/DSC_2365.JPG\"\n               data-thumbnail=\"https:\/\/www.legvarbazita.hu\/wp-content\/gallery\/szuperhos\/thumbs\/thumbs_DSC_2365.JPG\"\n               data-image-id=\"19\"\n               data-title=\"DSC_2365\"\n               data-description=\"\"\n               data-image-slug=\"dsc_2365\"\n               class=\"ngg-simplelightbox\" rel=\"e39150147f998c570e0d83f5df8a1765\">\n                <img\n                    title=\"DSC_2365\"\n                    alt=\"DSC_2365\"\n                    src=\"https:\/\/www.legvarbazita.hu\/wp-content\/gallery\/szuperhos\/thumbs\/thumbs_DSC_2365.JPG\"\n                    width=\"240\"\n                    height=\"160\"\n                    style=\"max-width:100%;\"\n                \/>\n            <\/a>\n        <\/div>\n\t\t\t\t\t\t\t<\/div> \n\t\t\t\n\t\t\t\t<div id=\"ngg-image-3\" class=\"ngg-gallery-thumbnail-box \" >\n\t\t\t\t        <div class=\"ngg-gallery-thumbnail\">\n            <a href=\"https:\/\/www.legvarbazita.hu\/wp-content\/gallery\/szuperhos\/DSC_2377-1.JPG\"\n               title=\"\"\n               data-src=\"https:\/\/www.legvarbazita.hu\/wp-content\/gallery\/szuperhos\/DSC_2377-1.JPG\"\n               data-thumbnail=\"https:\/\/www.legvarbazita.hu\/wp-content\/gallery\/szuperhos\/thumbs\/thumbs_DSC_2377-1.JPG\"\n               data-image-id=\"20\"\n               data-title=\"DSC_2377-1\"\n               data-description=\"\"\n               data-image-slug=\"dsc_2377-1\"\n               class=\"ngg-simplelightbox\" rel=\"e39150147f998c570e0d83f5df8a1765\">\n                <img\n                    title=\"DSC_2377-1\"\n                    alt=\"DSC_2377-1\"\n                    src=\"https:\/\/www.legvarbazita.hu\/wp-content\/gallery\/szuperhos\/thumbs\/thumbs_DSC_2377-1.JPG\"\n                    width=\"240\"\n                    height=\"160\"\n                    style=\"max-width:100%;\"\n                \/>\n            <\/a>\n        <\/div>\n\t\t\t\t\t\t\t<\/div> \n\t\t\t\n\t\t\t\t<div id=\"ngg-image-4\" class=\"ngg-gallery-thumbnail-box \" >\n\t\t\t\t        <div class=\"ngg-gallery-thumbnail\">\n            <a href=\"https:\/\/www.legvarbazita.hu\/wp-content\/gallery\/szuperhos\/DSC_2387.JPG\"\n               title=\"\"\n               data-src=\"https:\/\/www.legvarbazita.hu\/wp-content\/gallery\/szuperhos\/DSC_2387.JPG\"\n               data-thumbnail=\"https:\/\/www.legvarbazita.hu\/wp-content\/gallery\/szuperhos\/thumbs\/thumbs_DSC_2387.JPG\"\n               data-image-id=\"21\"\n               data-title=\"DSC_2387\"\n               data-description=\"\"\n               data-image-slug=\"dsc_2387\"\n               class=\"ngg-simplelightbox\" rel=\"e39150147f998c570e0d83f5df8a1765\">\n                <img\n                    title=\"DSC_2387\"\n                    alt=\"DSC_2387\"\n                    src=\"https:\/\/www.legvarbazita.hu\/wp-content\/gallery\/szuperhos\/thumbs\/thumbs_DSC_2387.JPG\"\n                    width=\"240\"\n                    height=\"160\"\n                    style=\"max-width:100%;\"\n                \/>\n            <\/a>\n        <\/div>\n\t\t\t\t\t\t\t<\/div> \n\t\t\t\n\t\n\t<br style=\"clear: both\" \/>\n\n\t\n\t\t<!-- Pagination -->\n\t<div class='ngg-clear'><\/div>\t<\/div>\n\r\n<h3>&nbsp;<\/h3>\r\n<h3>&nbsp;<\/h3>\r\n<\/div><!-- .vgblk-rw-wrapper -->","protected":false},"excerpt":{"rendered":"<p>Hercegn\u0151s duplacs\u00faszd\u00e1s \u00c1r:28.000\/nap M\u00e9ret:5*5*3 Maximum 7 f\u0151 \u00d3ri\u00e1s cs\u00faszd\u00e1s \u00c1r:45.000\/nap M\u00e9ret:7*4*4 Maximum 9 f\u0151 Szuperh\u0151s\u00f6s duplacs\u00faszd\u00e1s \u00c1r:28.000\/nap M\u00e9ret:5*5*3 Maximum 7 f\u0151 &nbsp; &nbsp;<\/p>\n","protected":false},"author":3,"featured_media":0,"parent":0,"menu_order":0,"comment_status":"closed","ping_status":"closed","template":"","meta":{"ngg_post_thumbnail":0,"_monsterinsights_skip_tracking":false,"_monsterinsights_sitenote_active":false,"_monsterinsights_sitenote_note":"","_monsterinsights_sitenote_category":0,"footnotes":""},"class_list":["post-18185","page","type-page","status-publish","hentry"],"yoast_head":"<!-- This site is optimized with the Yoast SEO plugin v14.1 - https:\/\/yoast.com\/wordpress\/plugins\/seo\/ -->\n<title>Galeria - L\u00e9gv\u00e1rbazita<\/title>\n<meta name=\"robots\" content=\"index, follow\" \/>\n<meta name=\"googlebot\" content=\"index, follow, max-snippet:-1, max-image-preview:large, max-video-preview:-1\" \/>\n<meta name=\"bingbot\" content=\"index, follow, max-snippet:-1, max-image-preview:large, max-video-preview:-1\" \/>\n<link rel=\"canonical\" href=\"https:\/\/www.legvarbazita.hu\/?page_id=18185\" \/>\n<meta property=\"og:locale\" content=\"hu_HU\" \/>\n<meta property=\"og:type\" content=\"article\" \/>\n<meta property=\"og:title\" content=\"Galeria - L\u00e9gv\u00e1rbazita\" \/>\n<meta property=\"og:description\" content=\"Hercegn\u0151s duplacs\u00faszd\u00e1s \u00c1r:28.000\/nap M\u00e9ret:5*5*3 Maximum 7 f\u0151 \u00d3ri\u00e1s cs\u00faszd\u00e1s \u00c1r:45.000\/nap M\u00e9ret:7*4*4 Maximum 9 f\u0151 Szuperh\u0151s\u00f6s duplacs\u00faszd\u00e1s \u00c1r:28.000\/nap M\u00e9ret:5*5*3 Maximum 7 f\u0151 &nbsp; &nbsp;\" \/>\n<meta property=\"og:url\" content=\"https:\/\/www.legvarbazita.hu\/?page_id=18185\" \/>\n<meta property=\"og:site_name\" content=\"L\u00e9gv\u00e1rbazita\" \/>\n<meta property=\"article:modified_time\" content=\"2023-03-16T09:51:39+00:00\" \/>\n<meta name=\"twitter:card\" content=\"summary_large_image\" \/>\n<script type=\"application\/ld+json\" class=\"yoast-schema-graph\">{\"@context\":\"https:\/\/schema.org\",\"@graph\":[{\"@type\":\"WebSite\",\"@id\":\"https:\/\/www.legvarbazita.hu\/#website\",\"url\":\"https:\/\/www.legvarbazita.hu\/\",\"name\":\"L\\u00e9gv\\u00e1rbazita\",\"description\":\"Sz\\u00fclinapra,n\\u00e9vnapra,b\\u00e1rmely alkalomra, b\\u00e1rmely napra..\",\"potentialAction\":[{\"@type\":\"SearchAction\",\"target\":\"https:\/\/www.legvarbazita.hu\/?s={search_term_string}\",\"query-input\":\"required name=search_term_string\"}],\"inLanguage\":\"hu\"},{\"@type\":\"WebPage\",\"@id\":\"https:\/\/www.legvarbazita.hu\/?page_id=18185#webpage\",\"url\":\"https:\/\/www.legvarbazita.hu\/?page_id=18185\",\"name\":\"Galeria - L\\u00e9gv\\u00e1rbazita\",\"isPartOf\":{\"@id\":\"https:\/\/www.legvarbazita.hu\/#website\"},\"datePublished\":\"2020-05-19T19:49:43+00:00\",\"dateModified\":\"2023-03-16T09:51:39+00:00\",\"inLanguage\":\"hu\",\"potentialAction\":[{\"@type\":\"ReadAction\",\"target\":[\"https:\/\/www.legvarbazita.hu\/?page_id=18185\"]}]}]}<\/script>\n<!-- \/ Yoast SEO plugin. -->","_links":{"self":[{"href":"https:\/\/www.legvarbazita.hu\/index.php?rest_route=\/wp\/v2\/pages\/18185","targetHints":{"allow":["GET"]}}],"collection":[{"href":"https:\/\/www.legvarbazita.hu\/index.php?rest_route=\/wp\/v2\/pages"}],"about":[{"href":"https:\/\/www.legvarbazita.hu\/index.php?rest_route=\/wp\/v2\/types\/page"}],"author":[{"embeddable":true,"href":"https:\/\/www.legvarbazita.hu\/index.php?rest_route=\/wp\/v2\/users\/3"}],"replies":[{"embeddable":true,"href":"https:\/\/www.legvarbazita.hu\/index.php?rest_route=%2Fwp%2Fv2%2Fcomments&post=18185"}],"version-history":[{"count":21,"href":"https:\/\/www.legvarbazita.hu\/index.php?rest_route=\/wp\/v2\/pages\/18185\/revisions"}],"predecessor-version":[{"id":18440,"href":"https:\/\/www.legvarbazita.hu\/index.php?rest_route=\/wp\/v2\/pages\/18185\/revisions\/18440"}],"wp:attachment":[{"href":"https:\/\/www.legvarbazita.hu\/index.php?rest_route=%2Fwp%2Fv2%2Fmedia&parent=18185"}],"curies":[{"name":"wp","href":"https:\/\/api.w.org\/{rel}","templated":true}]}}