{"id":16097,"date":"2018-07-25T17:23:06","date_gmt":"2018-07-25T17:23:06","guid":{"rendered":"https:\/\/clany.vamtam.com\/?page_id=16097"},"modified":"2020-06-07T21:12:08","modified_gmt":"2020-06-07T21:12:08","slug":"offers","status":"publish","type":"page","link":"https:\/\/www.legvarbazita.hu\/?page_id=16097","title":{"rendered":"Aj\u00e1nlat"},"content":{"rendered":"<div class=\"vgblk-rw-wrapper limit-wrapper\"><h2>\n\tK\u00e9rjen egyedi aj\u00e1nlatot.\n\t<\/h2>\n\t<strong>H\u00e9tk\u00f6znapokon -30% kedvezm\u00e9ny a b\u00e9rl\u00e9s napid\u00edj\u00e1b\u00f3l.<\/strong><br \/>\nH\u00e1zhozsz\u00e1ll\u00edt\u00e1s d\u00edj\u00e1ra, k\u00e9rem, t\u00f6ltse ki az al\u00e1bbi aj\u00e1nlatk\u00e9r\u0151t.<br \/>\nZalaegerszegen bel\u00fcl ingyenes, Zalaegerszeg v\u00e1rosr\u00e9szeire, illetve egy\u00e9b telep\u00fcl\u00e9sekre, a telephelyt\u0151l sz\u00e1m\u00edtott km d\u00edj \u00e9rv\u00e9nyes.\n<p><a href=\"https:\/\/www.legvarbazita.hu\/?page_id=18290\">B\u00e9rl\u00e9s el\u0151tt felt\u00e9tlen\u00fcl olvasd el \u00e1ltal\u00e1nos szerz\u0151d\u00e9si felt\u00e9teleinket.<\/a><\/p>\n<p>Teh\u00e1t az aj\u00e1nlatk\u00e9r\u0151 lapon, vagyis fel\u00fcleten akkor szerepeljen.<\/p>\n    Notice: JavaScript is required for this content.\n        <!-- TODO: Move to Template File. -->\n        <\/div><!-- .vgblk-rw-wrapper -->","protected":false},"excerpt":{"rendered":"<p>K\u00e9rjen egyedi aj\u00e1nlatot. H\u00e9tk\u00f6znapokon -30% kedvezm\u00e9ny a b\u00e9rl\u00e9s napid\u00edj\u00e1b\u00f3l. H\u00e1zhozsz\u00e1ll\u00edt\u00e1s d\u00edj\u00e1ra, k\u00e9rem, t\u00f6ltse ki az al\u00e1bbi aj\u00e1nlatk\u00e9r\u0151t. Zalaegerszegen bel\u00fcl ingyenes, Zalaegerszeg v\u00e1rosr\u00e9szeire, illetve egy\u00e9b telep\u00fcl\u00e9sekre, a telephelyt\u0151l sz\u00e1m\u00edtott km d\u00edj \u00e9rv\u00e9nyes. B\u00e9rl\u00e9s el\u0151tt felt\u00e9tlen\u00fcl olvasd el \u00e1ltal\u00e1nos szerz\u0151d\u00e9si felt\u00e9teleinket. Teh\u00e1t az aj\u00e1nlatk\u00e9r\u0151 lapon, vagyis fel\u00fcleten akkor szerepeljen. Notice: JavaScript is required for this content.<\/p>\n","protected":false},"author":3,"featured_media":0,"parent":0,"menu_order":0,"comment_status":"closed","ping_status":"closed","template":"","meta":{"ngg_post_thumbnail":0,"_monsterinsights_skip_tracking":false,"_monsterinsights_sitenote_active":false,"_monsterinsights_sitenote_note":"","_monsterinsights_sitenote_category":0,"footnotes":""},"class_list":["post-16097","page","type-page","status-publish","hentry"],"yoast_head":"<!-- This site is optimized with the Yoast SEO plugin v14.1 - https:\/\/yoast.com\/wordpress\/plugins\/seo\/ -->\n<title>Aj\u00e1nlat - L\u00e9gv\u00e1rbazita<\/title>\n<meta name=\"robots\" content=\"index, follow\" \/>\n<meta name=\"googlebot\" content=\"index, follow, max-snippet:-1, max-image-preview:large, max-video-preview:-1\" \/>\n<meta name=\"bingbot\" content=\"index, follow, max-snippet:-1, max-image-preview:large, max-video-preview:-1\" \/>\n<link rel=\"canonical\" href=\"https:\/\/www.legvarbazita.hu\/?page_id=16097\" \/>\n<meta property=\"og:locale\" content=\"hu_HU\" \/>\n<meta property=\"og:type\" content=\"article\" \/>\n<meta property=\"og:title\" content=\"Aj\u00e1nlat - L\u00e9gv\u00e1rbazita\" \/>\n<meta property=\"og:description\" content=\"K\u00e9rjen egyedi aj\u00e1nlatot. H\u00e9tk\u00f6znapokon -30% kedvezm\u00e9ny a b\u00e9rl\u00e9s napid\u00edj\u00e1b\u00f3l. H\u00e1zhozsz\u00e1ll\u00edt\u00e1s d\u00edj\u00e1ra, k\u00e9rem, t\u00f6ltse ki az al\u00e1bbi aj\u00e1nlatk\u00e9r\u0151t. Zalaegerszegen bel\u00fcl ingyenes, Zalaegerszeg v\u00e1rosr\u00e9szeire, illetve egy\u00e9b telep\u00fcl\u00e9sekre, a telephelyt\u0151l sz\u00e1m\u00edtott km d\u00edj \u00e9rv\u00e9nyes. B\u00e9rl\u00e9s el\u0151tt felt\u00e9tlen\u00fcl olvasd el \u00e1ltal\u00e1nos szerz\u0151d\u00e9si felt\u00e9teleinket. Teh\u00e1t az aj\u00e1nlatk\u00e9r\u0151 lapon, vagyis fel\u00fcleten akkor szerepeljen. Notice: JavaScript is required for this content.\" \/>\n<meta property=\"og:url\" content=\"https:\/\/www.legvarbazita.hu\/?page_id=16097\" \/>\n<meta property=\"og:site_name\" content=\"L\u00e9gv\u00e1rbazita\" \/>\n<meta property=\"article:modified_time\" content=\"2020-06-07T21:12:08+00:00\" \/>\n<meta name=\"twitter:card\" content=\"summary_large_image\" \/>\n<script type=\"application\/ld+json\" class=\"yoast-schema-graph\">{\"@context\":\"https:\/\/schema.org\",\"@graph\":[{\"@type\":\"WebSite\",\"@id\":\"https:\/\/www.legvarbazita.hu\/#website\",\"url\":\"https:\/\/www.legvarbazita.hu\/\",\"name\":\"L\\u00e9gv\\u00e1rbazita\",\"description\":\"Sz\\u00fclinapra,n\\u00e9vnapra,b\\u00e1rmely alkalomra, b\\u00e1rmely napra..\",\"potentialAction\":[{\"@type\":\"SearchAction\",\"target\":\"https:\/\/www.legvarbazita.hu\/?s={search_term_string}\",\"query-input\":\"required name=search_term_string\"}],\"inLanguage\":\"hu\"},{\"@type\":\"WebPage\",\"@id\":\"https:\/\/www.legvarbazita.hu\/?page_id=16097#webpage\",\"url\":\"https:\/\/www.legvarbazita.hu\/?page_id=16097\",\"name\":\"Aj\\u00e1nlat - L\\u00e9gv\\u00e1rbazita\",\"isPartOf\":{\"@id\":\"https:\/\/www.legvarbazita.hu\/#website\"},\"datePublished\":\"2018-07-25T17:23:06+00:00\",\"dateModified\":\"2020-06-07T21:12:08+00:00\",\"inLanguage\":\"hu\",\"potentialAction\":[{\"@type\":\"ReadAction\",\"target\":[\"https:\/\/www.legvarbazita.hu\/?page_id=16097\"]}]}]}<\/script>\n<!-- \/ Yoast SEO plugin. -->","_links":{"self":[{"href":"https:\/\/www.legvarbazita.hu\/index.php?rest_route=\/wp\/v2\/pages\/16097","targetHints":{"allow":["GET"]}}],"collection":[{"href":"https:\/\/www.legvarbazita.hu\/index.php?rest_route=\/wp\/v2\/pages"}],"about":[{"href":"https:\/\/www.legvarbazita.hu\/index.php?rest_route=\/wp\/v2\/types\/page"}],"author":[{"embeddable":true,"href":"https:\/\/www.legvarbazita.hu\/index.php?rest_route=\/wp\/v2\/users\/3"}],"replies":[{"embeddable":true,"href":"https:\/\/www.legvarbazita.hu\/index.php?rest_route=%2Fwp%2Fv2%2Fcomments&post=16097"}],"version-history":[{"count":7,"href":"https:\/\/www.legvarbazita.hu\/index.php?rest_route=\/wp\/v2\/pages\/16097\/revisions"}],"predecessor-version":[{"id":18341,"href":"https:\/\/www.legvarbazita.hu\/index.php?rest_route=\/wp\/v2\/pages\/16097\/revisions\/18341"}],"wp:attachment":[{"href":"https:\/\/www.legvarbazita.hu\/index.php?rest_route=%2Fwp%2Fv2%2Fmedia&parent=16097"}],"curies":[{"name":"wp","href":"https:\/\/api.w.org\/{rel}","templated":true}]}}