{"id":15841,"date":"2018-07-04T20:11:22","date_gmt":"2018-07-04T20:11:22","guid":{"rendered":"https:\/\/clany.vamtam.com\/?page_id=15841"},"modified":"2023-03-16T09:52:30","modified_gmt":"2023-03-16T09:52:30","slug":"pricing","status":"publish","type":"page","link":"https:\/\/www.legvarbazita.hu\/?page_id=15841","title":{"rendered":"\u00c1raink"},"content":{"rendered":"<div class=\"vgblk-rw-wrapper limit-wrapper\"><h3>\n\t\u00c1raink napi d\u00edjak\n\t<\/h3>\n\t\t\t\t\t\t\t\t\t\t<img loading=\"lazy\" decoding=\"async\" src=\"https:\/\/www.legvarbazita.hu\/wp-content\/uploads\/2020\/06\/DSC_2249.png\" alt=\"DSC_2249\" itemprop=\"image\" height=\"668\" width=\"1000\" title=\"DSC_2249\" onerror=\"this.style.display='none'\"  sizes=\"auto, (max-width: 768px) 100vw, 100vw\" srcset=\"data:image\/svg+xml;utf8,&lt;svg%20xmlns=&quot;http:\/\/www.w3.org\/2000\/svg&quot;%20viewBox=&quot;0%200%201000%20668&quot;%20height=&quot;668px&quot;%20width=&quot;1000px&quot;\/&gt;\" data-srcset=\"https:\/\/www.legvarbazita.hu\/wp-content\/uploads\/2020\/06\/DSC_2249.png 1000w, https:\/\/www.legvarbazita.hu\/wp-content\/uploads\/2020\/06\/DSC_2249-300x200.png 300w, https:\/\/www.legvarbazita.hu\/wp-content\/uploads\/2020\/06\/DSC_2249-768x513.png 768w, https:\/\/www.legvarbazita.hu\/wp-content\/uploads\/2020\/06\/DSC_2249-630x421.png 630w, https:\/\/www.legvarbazita.hu\/wp-content\/uploads\/2020\/06\/DSC_2249-420x281.png 420w, https:\/\/www.legvarbazita.hu\/wp-content\/uploads\/2020\/06\/DSC_2249-840x561.png 840w, https:\/\/www.legvarbazita.hu\/wp-content\/uploads\/2020\/06\/DSC_2249-315x210.png 315w\" \/>\t\t\t\t\t\t\t\n\t<h4><strong>Hercegn\u0151s duplacs\u00faszd\u00e1s<\/strong><\/h4>\n<h4><strong>\u00c1r:28.000\/nap<\/strong><\/h4>\n<h4><strong>M\u00e9ret:5*5*3<\/strong><\/h4>\n<h4><strong>Maximum 7 f\u0151<\/strong><\/h4>\n\t<a href=\"https:\/\/www.legvarbazita.hu\/?page_id=18185\" target=\"_self\" role=\"button\" rel=\"noopener noreferrer\">\n\t\t\t\t\tGal\u00e9ria\n\t<\/a>\n\t\t\t\t\t\t\t\t\t\t<img loading=\"lazy\" decoding=\"async\" src=\"https:\/\/www.legvarbazita.hu\/wp-content\/uploads\/2020\/05\/DSC_2355-scaled.jpg\" alt=\"DSC_2355\" itemprop=\"image\" height=\"1709\" width=\"2560\" title=\"DSC_2355\" onerror=\"this.style.display='none'\"  sizes=\"auto, (max-width: 768px) 100vw, 100vw\" srcset=\"data:image\/svg+xml;utf8,&lt;svg%20xmlns=&quot;http:\/\/www.w3.org\/2000\/svg&quot;%20viewBox=&quot;0%200%202560%201709&quot;%20height=&quot;1709px&quot;%20width=&quot;2560px&quot;\/&gt;\" data-srcset=\"https:\/\/www.legvarbazita.hu\/wp-content\/uploads\/2020\/05\/DSC_2355-scaled.jpg 2560w, https:\/\/www.legvarbazita.hu\/wp-content\/uploads\/2020\/05\/DSC_2355-300x200.jpg 300w, https:\/\/www.legvarbazita.hu\/wp-content\/uploads\/2020\/05\/DSC_2355-1024x684.jpg 1024w, https:\/\/www.legvarbazita.hu\/wp-content\/uploads\/2020\/05\/DSC_2355-768x513.jpg 768w, https:\/\/www.legvarbazita.hu\/wp-content\/uploads\/2020\/05\/DSC_2355-1536x1025.jpg 1536w, https:\/\/www.legvarbazita.hu\/wp-content\/uploads\/2020\/05\/DSC_2355-2048x1367.jpg 2048w, https:\/\/www.legvarbazita.hu\/wp-content\/uploads\/2020\/05\/DSC_2355-1260x841.jpg 1260w, https:\/\/www.legvarbazita.hu\/wp-content\/uploads\/2020\/05\/DSC_2355-630x421.jpg 630w, https:\/\/www.legvarbazita.hu\/wp-content\/uploads\/2020\/05\/DSC_2355-420x280.jpg 420w, https:\/\/www.legvarbazita.hu\/wp-content\/uploads\/2020\/05\/DSC_2355-840x561.jpg 840w, https:\/\/www.legvarbazita.hu\/wp-content\/uploads\/2020\/05\/DSC_2355-315x210.jpg 315w\" \/>\t\t\t\t\t\t\t\n\t<h4><strong>Szuperh\u0151s\u00f6s duplacs\u00faszd\u00e1s<\/strong><\/h4>\n<h4><strong>\u00c1r:28.000\/nap<\/strong><\/h4>\n<h4><strong>M\u00e9ret:5*5*3<\/strong><\/h4>\n<h4><strong>Maximum 7 f\u0151<\/strong><\/h4>\n\t<a href=\"https:\/\/www.legvarbazita.hu\/?page_id=18185\" target=\"_self\" role=\"button\" rel=\"noopener noreferrer\">\n\t\t\t\t\tGal\u00e9ria\n\t<\/a>\n\t\t\t\t\t\t\t\t\t\t<img loading=\"lazy\" decoding=\"async\" src=\"https:\/\/www.legvarbazita.hu\/wp-content\/uploads\/2020\/06\/DSC_2560.png\" alt=\"DSC_2560\" itemprop=\"image\" height=\"668\" width=\"1000\" title=\"DSC_2560\" onerror=\"this.style.display='none'\"  sizes=\"auto, (max-width: 768px) 100vw, 100vw\" srcset=\"data:image\/svg+xml;utf8,&lt;svg%20xmlns=&quot;http:\/\/www.w3.org\/2000\/svg&quot;%20viewBox=&quot;0%200%201000%20668&quot;%20height=&quot;668px&quot;%20width=&quot;1000px&quot;\/&gt;\" data-srcset=\"https:\/\/www.legvarbazita.hu\/wp-content\/uploads\/2020\/06\/DSC_2560.png 1000w, https:\/\/www.legvarbazita.hu\/wp-content\/uploads\/2020\/06\/DSC_2560-300x200.png 300w, https:\/\/www.legvarbazita.hu\/wp-content\/uploads\/2020\/06\/DSC_2560-768x513.png 768w, https:\/\/www.legvarbazita.hu\/wp-content\/uploads\/2020\/06\/DSC_2560-630x421.png 630w, https:\/\/www.legvarbazita.hu\/wp-content\/uploads\/2020\/06\/DSC_2560-420x281.png 420w, https:\/\/www.legvarbazita.hu\/wp-content\/uploads\/2020\/06\/DSC_2560-840x561.png 840w, https:\/\/www.legvarbazita.hu\/wp-content\/uploads\/2020\/06\/DSC_2560-315x210.png 315w\" \/>\t\t\t\t\t\t\t\n\t<h4><strong>\u00d3ri\u00e1s cs\u00faszd\u00e1s<br \/>\n\u00c1r:45.000\/nap<\/strong><\/h4>\n<h4><strong>M\u00e9ret:7*4*4<\/strong><\/h4>\n<h4><strong>Maximum 9 f\u0151<\/strong><\/h4>\n\t<a href=\"https:\/\/www.legvarbazita.hu\/?page_id=18185\" target=\"_self\" role=\"button\" rel=\"noopener noreferrer\">\n\t\t\t\t\tGal\u00e9ria\n\t<\/a>\n\t<p><strong>H\u00e9tk\u00f6znapokon -20% kedvezm\u00e9ny<\/strong> a napi d\u00edjakb\u00f3l. A l\u00e9gv\u00e1rak b\u00e9rleti d\u00edj\u00e1nak a fel\u00e9t foglal\u00f3 form\u00e1j\u00e1ban k\u00e9rj\u00fck el\u0151re \u00e1tutalni, a fennmarad\u00f3 r\u00e9szt pedig a helysz\u00ednen kiegyenl\u00edteni. Amennyiben az adott napra val\u00f3 foglal\u00e1s id\u0151j\u00e1r\u00e1s, illetve egy\u00e9b technikai ok miatt meghi\u00fasul a foglal\u00f3 visszaj\u00e1r. K\u00e9rj\u00fck, hogy visszamond\u00e1saikat az adott nap el\u0151tt 48 \u00f3r\u00e1val tegy\u00e9k, ebben az esetben a foglal\u00f3 visszaj\u00e1r.<\/p>\n<\/div><!-- .vgblk-rw-wrapper -->","protected":false},"excerpt":{"rendered":"<p>\u00c1raink napi d\u00edjak Hercegn\u0151s duplacs\u00faszd\u00e1s \u00c1r:28.000\/nap M\u00e9ret:5*5*3 Maximum 7 f\u0151 Gal\u00e9ria Szuperh\u0151s\u00f6s duplacs\u00faszd\u00e1s \u00c1r:28.000\/nap M\u00e9ret:5*5*3 Maximum 7 f\u0151 Gal\u00e9ria \u00d3ri\u00e1s cs\u00faszd\u00e1s \u00c1r:45.000\/nap M\u00e9ret:7*4*4 Maximum 9 f\u0151 Gal\u00e9ria H\u00e9tk\u00f6znapokon -20% kedvezm\u00e9ny a napi d\u00edjakb\u00f3l. A l\u00e9gv\u00e1rak b\u00e9rleti d\u00edj\u00e1nak a fel\u00e9t foglal\u00f3 form\u00e1j\u00e1ban k\u00e9rj\u00fck el\u0151re \u00e1tutalni, a fennmarad\u00f3 r\u00e9szt pedig a helysz\u00ednen kiegyenl\u00edteni. Amennyiben az adott napra&#8230;<\/p>\n","protected":false},"author":3,"featured_media":0,"parent":0,"menu_order":0,"comment_status":"closed","ping_status":"closed","template":"","meta":{"ngg_post_thumbnail":0,"_monsterinsights_skip_tracking":false,"_monsterinsights_sitenote_active":false,"_monsterinsights_sitenote_note":"","_monsterinsights_sitenote_category":0,"footnotes":""},"class_list":["post-15841","page","type-page","status-publish","hentry"],"yoast_head":"<!-- This site is optimized with the Yoast SEO plugin v14.1 - https:\/\/yoast.com\/wordpress\/plugins\/seo\/ -->\n<title>\u00c1raink - L\u00e9gv\u00e1rbazita<\/title>\n<meta name=\"robots\" content=\"index, follow\" \/>\n<meta name=\"googlebot\" content=\"index, follow, max-snippet:-1, max-image-preview:large, max-video-preview:-1\" \/>\n<meta name=\"bingbot\" content=\"index, follow, max-snippet:-1, max-image-preview:large, max-video-preview:-1\" \/>\n<link rel=\"canonical\" href=\"https:\/\/www.legvarbazita.hu\/?page_id=15841\" \/>\n<meta property=\"og:locale\" content=\"hu_HU\" \/>\n<meta property=\"og:type\" content=\"article\" \/>\n<meta property=\"og:title\" content=\"\u00c1raink - L\u00e9gv\u00e1rbazita\" \/>\n<meta property=\"og:description\" content=\"\u00c1raink napi d\u00edjak Hercegn\u0151s duplacs\u00faszd\u00e1s \u00c1r:28.000\/nap M\u00e9ret:5*5*3 Maximum 7 f\u0151 Gal\u00e9ria Szuperh\u0151s\u00f6s duplacs\u00faszd\u00e1s \u00c1r:28.000\/nap M\u00e9ret:5*5*3 Maximum 7 f\u0151 Gal\u00e9ria \u00d3ri\u00e1s cs\u00faszd\u00e1s \u00c1r:45.000\/nap M\u00e9ret:7*4*4 Maximum 9 f\u0151 Gal\u00e9ria H\u00e9tk\u00f6znapokon -20% kedvezm\u00e9ny a napi d\u00edjakb\u00f3l. A l\u00e9gv\u00e1rak b\u00e9rleti d\u00edj\u00e1nak a fel\u00e9t foglal\u00f3 form\u00e1j\u00e1ban k\u00e9rj\u00fck el\u0151re \u00e1tutalni, a fennmarad\u00f3 r\u00e9szt pedig a helysz\u00ednen kiegyenl\u00edteni. Amennyiben az adott napra...\" \/>\n<meta property=\"og:url\" content=\"https:\/\/www.legvarbazita.hu\/?page_id=15841\" \/>\n<meta property=\"og:site_name\" content=\"L\u00e9gv\u00e1rbazita\" \/>\n<meta property=\"article:modified_time\" content=\"2023-03-16T09:52:30+00:00\" \/>\n<meta property=\"og:image\" content=\"https:\/\/www.legvarbazita.hu\/wp-content\/uploads\/2020\/06\/DSC_2249.png\" \/>\n<meta name=\"twitter:card\" content=\"summary_large_image\" \/>\n<script type=\"application\/ld+json\" class=\"yoast-schema-graph\">{\"@context\":\"https:\/\/schema.org\",\"@graph\":[{\"@type\":\"WebSite\",\"@id\":\"https:\/\/www.legvarbazita.hu\/#website\",\"url\":\"https:\/\/www.legvarbazita.hu\/\",\"name\":\"L\\u00e9gv\\u00e1rbazita\",\"description\":\"Sz\\u00fclinapra,n\\u00e9vnapra,b\\u00e1rmely alkalomra, b\\u00e1rmely napra..\",\"potentialAction\":[{\"@type\":\"SearchAction\",\"target\":\"https:\/\/www.legvarbazita.hu\/?s={search_term_string}\",\"query-input\":\"required name=search_term_string\"}],\"inLanguage\":\"hu\"},{\"@type\":\"ImageObject\",\"@id\":\"https:\/\/www.legvarbazita.hu\/?page_id=15841#primaryimage\",\"inLanguage\":\"hu\",\"url\":\"https:\/\/www.legvarbazita.hu\/wp-content\/uploads\/2020\/06\/DSC_2249.png\",\"width\":1000,\"height\":668},{\"@type\":\"WebPage\",\"@id\":\"https:\/\/www.legvarbazita.hu\/?page_id=15841#webpage\",\"url\":\"https:\/\/www.legvarbazita.hu\/?page_id=15841\",\"name\":\"\\u00c1raink - L\\u00e9gv\\u00e1rbazita\",\"isPartOf\":{\"@id\":\"https:\/\/www.legvarbazita.hu\/#website\"},\"primaryImageOfPage\":{\"@id\":\"https:\/\/www.legvarbazita.hu\/?page_id=15841#primaryimage\"},\"datePublished\":\"2018-07-04T20:11:22+00:00\",\"dateModified\":\"2023-03-16T09:52:30+00:00\",\"inLanguage\":\"hu\",\"potentialAction\":[{\"@type\":\"ReadAction\",\"target\":[\"https:\/\/www.legvarbazita.hu\/?page_id=15841\"]}]}]}<\/script>\n<!-- \/ Yoast SEO plugin. -->","_links":{"self":[{"href":"https:\/\/www.legvarbazita.hu\/index.php?rest_route=\/wp\/v2\/pages\/15841","targetHints":{"allow":["GET"]}}],"collection":[{"href":"https:\/\/www.legvarbazita.hu\/index.php?rest_route=\/wp\/v2\/pages"}],"about":[{"href":"https:\/\/www.legvarbazita.hu\/index.php?rest_route=\/wp\/v2\/types\/page"}],"author":[{"embeddable":true,"href":"https:\/\/www.legvarbazita.hu\/index.php?rest_route=\/wp\/v2\/users\/3"}],"replies":[{"embeddable":true,"href":"https:\/\/www.legvarbazita.hu\/index.php?rest_route=%2Fwp%2Fv2%2Fcomments&post=15841"}],"version-history":[{"count":17,"href":"https:\/\/www.legvarbazita.hu\/index.php?rest_route=\/wp\/v2\/pages\/15841\/revisions"}],"predecessor-version":[{"id":18441,"href":"https:\/\/www.legvarbazita.hu\/index.php?rest_route=\/wp\/v2\/pages\/15841\/revisions\/18441"}],"wp:attachment":[{"href":"https:\/\/www.legvarbazita.hu\/index.php?rest_route=%2Fwp%2Fv2%2Fmedia&parent=15841"}],"curies":[{"name":"wp","href":"https:\/\/api.w.org\/{rel}","templated":true}]}}